{"id":636,"date":"2025-07-09T12:12:45","date_gmt":"2025-07-09T12:12:45","guid":{"rendered":"https:\/\/islam-bestattungen.de\/?page_id=636"},"modified":"2025-07-21T21:18:31","modified_gmt":"2025-07-21T21:18:31","slug":"internationale-uberfuhrung","status":"publish","type":"page","link":"https:\/\/islam-bestattungen.de\/en\/internationale-uberfuhrung\/","title":{"rendered":"International transfer"},"content":{"rendered":"<div data-elementor-type=\"wp-page\" data-elementor-id=\"636\" class=\"elementor elementor-636\" data-elementor-post-type=\"page\">\n\t\t\t\t\t\t<section class=\"elementor-section elementor-top-section elementor-element elementor-element-3dea7155 elementor-section-content-middle elementor-section-boxed elementor-section-height-default elementor-section-height-default\" data-id=\"3dea7155\" data-element_type=\"section\" data-e-type=\"section\" data-settings=\"{&quot;background_background&quot;:&quot;classic&quot;}\">\n\t\t\t\t\t\t<div class=\"elementor-container elementor-column-gap-default\">\n\t\t\t\t\t<div class=\"elementor-column elementor-col-100 elementor-top-column elementor-element elementor-element-550912d\" data-id=\"550912d\" data-element_type=\"column\" data-e-type=\"column\">\n\t\t\t<div class=\"elementor-widget-wrap elementor-element-populated\">\n\t\t\t\t\t\t\t<\/div>\n\t\t<\/div>\n\t\t\t\t\t<\/div>\n\t\t<\/section>\n\t\t\t\t<section class=\"elementor-section elementor-top-section elementor-element elementor-element-6ff3ea62 elementor-section-content-middle elementor-section-boxed elementor-section-height-default elementor-section-height-default\" data-id=\"6ff3ea62\" data-element_type=\"section\" data-e-type=\"section\" data-settings=\"{&quot;background_background&quot;:&quot;classic&quot;}\">\n\t\t\t\t\t\t<div class=\"elementor-container elementor-column-gap-default\">\n\t\t\t\t\t<div class=\"elementor-column elementor-col-50 elementor-top-column elementor-element elementor-element-1b782e71\" data-id=\"1b782e71\" data-element_type=\"column\" data-e-type=\"column\">\n\t\t\t<div class=\"elementor-widget-wrap elementor-element-populated\">\n\t\t\t\t\t\t<div class=\"elementor-element elementor-element-60ce9edb elementor-invisible elementor-widget elementor-widget-image\" data-id=\"60ce9edb\" data-element_type=\"widget\" data-e-type=\"widget\" data-settings=\"{&quot;_animation&quot;:&quot;fadeIn&quot;,&quot;_animation_delay&quot;:500}\" data-widget_type=\"image.default\">\n\t\t\t\t\t\t\t\t\t\t\t\t\t\t\t<img fetchpriority=\"high\" decoding=\"async\" width=\"2000\" height=\"1325\" src=\"https:\/\/islam-bestattungen.de\/wp-content\/uploads\/2025\/07\/Ilias-New-Image-1.jpg\" class=\"attachment-full size-full wp-image-1006\" alt=\"Flugzeug am Flughafen vorbereitet f\u00fcr R\u00fcckf\u00fchrung Verstorbener zur islamischen Bestattung im Heimatland\" srcset=\"https:\/\/islam-bestattungen.de\/wp-content\/uploads\/2025\/07\/Ilias-New-Image-1.jpg 2000w, https:\/\/islam-bestattungen.de\/wp-content\/uploads\/2025\/07\/Ilias-New-Image-1-300x199.jpg 300w, https:\/\/islam-bestattungen.de\/wp-content\/uploads\/2025\/07\/Ilias-New-Image-1-1024x678.jpg 1024w, https:\/\/islam-bestattungen.de\/wp-content\/uploads\/2025\/07\/Ilias-New-Image-1-768x509.jpg 768w, https:\/\/islam-bestattungen.de\/wp-content\/uploads\/2025\/07\/Ilias-New-Image-1-1536x1018.jpg 1536w\" sizes=\"(max-width: 2000px) 100vw, 2000px\" \/>\t\t\t\t\t\t\t\t\t\t\t\t\t\t\t<\/div>\n\t\t\t\t\t<\/div>\n\t\t<\/div>\n\t\t\t\t<div class=\"elementor-column elementor-col-50 elementor-top-column elementor-element elementor-element-4215fbd\" data-id=\"4215fbd\" data-element_type=\"column\" data-e-type=\"column\">\n\t\t\t<div class=\"elementor-widget-wrap elementor-element-populated\">\n\t\t\t\t\t\t<div class=\"elementor-element elementor-element-1f4e77d5 elementor-invisible elementor-widget elementor-widget-heading\" data-id=\"1f4e77d5\" data-element_type=\"widget\" data-e-type=\"widget\" data-settings=\"{&quot;_animation&quot;:&quot;fadeInUp&quot;}\" data-widget_type=\"heading.default\">\n\t\t\t\t\t<h2 class=\"elementor-heading-title elementor-size-default\">Bestattung in der Heimat<\/h2>\t\t\t\t<\/div>\n\t\t\t\t<div class=\"elementor-element elementor-element-2224bee0 elementor-invisible elementor-widget elementor-widget-text-editor\" data-id=\"2224bee0\" data-element_type=\"widget\" data-e-type=\"widget\" data-settings=\"{&quot;_animation&quot;:&quot;fadeInUp&quot;,&quot;_animation_delay&quot;:250}\" data-widget_type=\"text-editor.default\">\n\t\t\t\t\t\t\t\t\tGerade Menschen, die viele Jahre ihres Lebens fernab ihrer Heimat verbracht haben, versp\u00fcren h\u00e4ufig den tiefen Wunsch, ihre letzte Ruhe im Heimatland zu finden. Das Leben f\u00fchrte viele nach Deutschland \u2013 der Tod bringt sie zur\u00fcck in ihre Heimat.\n<br>\nF\u00fcr zahlreiche Muslime mit Migrationshintergrund ist die Bestattung im Heimatland ein bedeutendes Anliegen. Immer mehr Familien \u00e4u\u00dfern den Wunsch, ihre verstorbenen Angeh\u00f6rigen in der Heimat beizusetzen.\n<br>\nIslamisches Bestattungsinstitut Al-Janaza erf\u00fcllt diesen Wunsch nun seit \u00fcber 25 Jahren mit gr\u00f6\u00dftem Respekt und Sorgfalt.\n<br>\nDie schnellstm\u00f6gliche \u00dcberf\u00fchrung des Verstorbenen hat f\u00fcr uns oberste Priorit\u00e4t \u2013 in den meisten F\u00e4llen ist eine Organisation innerhalb von 24 Stunden m\u00f6glich. Wir \u00fcbernehmen f\u00fcr Sie s\u00e4mtliche Aufgaben, die f\u00fcr die \u00dcberf\u00fchrung in das Heimatland notwendig sind \u2013 von der beh\u00f6rdlichen Abwicklung bis hin zur Koordination mit dem Zielland.\n<br>\nAuch die Organisation von Flugtickets f\u00fcr mitreisende Angeh\u00f6rige geh\u00f6rt zu unserem Service.\n<br>\nDank unseres weltweiten Netzwerks aus erfahrenen Partnerunternehmen und Fluggesellschaften erm\u00f6glichen wir eine z\u00fcgige und w\u00fcrdevolle \u00dcberf\u00fchrung \u2013 f\u00fcr eine baldige Beisetzung, wo immer sie gew\u00fcnscht ist.\t\t\t\t\t\t\t\t<\/div>\n\t\t\t\t\t<\/div>\n\t\t<\/div>\n\t\t\t\t\t<\/div>\n\t\t<\/section>\n\t\t\t\t<section class=\"elementor-section elementor-top-section elementor-element elementor-element-2bfc0912 elementor-section-content-middle elementor-section-boxed elementor-section-height-default elementor-section-height-default\" data-id=\"2bfc0912\" data-element_type=\"section\" data-e-type=\"section\" data-settings=\"{&quot;background_background&quot;:&quot;classic&quot;}\">\n\t\t\t\t\t\t<div class=\"elementor-container elementor-column-gap-default\">\n\t\t\t\t\t<div class=\"elementor-column elementor-col-100 elementor-top-column elementor-element elementor-element-2dcc439e\" data-id=\"2dcc439e\" data-element_type=\"column\" data-e-type=\"column\">\n\t\t\t<div class=\"elementor-widget-wrap elementor-element-populated\">\n\t\t\t\t\t\t<div class=\"elementor-element elementor-element-52a37892 elementor-invisible elementor-widget elementor-widget-heading\" data-id=\"52a37892\" data-element_type=\"widget\" data-e-type=\"widget\" data-settings=\"{&quot;_animation&quot;:&quot;fadeInUp&quot;}\" data-widget_type=\"heading.default\">\n\t\t\t\t\t<h2 class=\"elementor-heading-title elementor-size-default\">Internationale \u00dcberf\u00fchrungen sind in folgende L\u00e4nder m\u00f6glich und wurden von Islamisches Bestattungsinstitut Al-Janaza bereits erfolgreich durchgef\u00fchrt.<\/h2>\t\t\t\t<\/div>\n\t\t\t\t<div class=\"elementor-element elementor-element-7ddcd79d animated-slow elementor-invisible elementor-widget elementor-widget-shortcode\" data-id=\"7ddcd79d\" data-element_type=\"widget\" data-e-type=\"widget\" data-settings=\"{&quot;_animation&quot;:&quot;fadeIn&quot;,&quot;_animation_delay&quot;:250}\" data-widget_type=\"shortcode.default\">\n\t\t\t\t\t\t\t<div class=\"elementor-shortcode\"><div id=\"footable_parent_681\"\n         class=\"footable_parent ninja_table_wrapper loading_ninja_table wp_table_data_press_parent semantic_ui\">\n                <table data-ninja_table_instance=\"ninja_table_instance_0\" data-footable_id=\"681\" data-filter-delay=\"1000\" aria-label=\"Internationale-Ueberfuehrungen\"            id=\"footable_681\"\n           data-unique_identifier=\"ninja_table_unique_id_2126210962_681\"\n           class=\"foo-table ninja_footable foo_table_681 ninja_table_unique_id_2126210962_681 ui table  ninja_search_right nt_type_ajax_table selectable celled striped vertical_centered  footable-paging-right ninjatable_hide_header_row ninja_table_pro\">\n                <colgroup>\n                            <col class=\"ninja_column_0\">\n                    <\/colgroup>\n            <\/table>\n    \n    \n    \n<\/div>\n<\/div>\n\t\t\t\t\t\t<\/div>\n\t\t\t\t\t<\/div>\n\t\t<\/div>\n\t\t\t\t\t<\/div>\n\t\t<\/section>\n\t\t\t\t<section class=\"elementor-section elementor-top-section elementor-element elementor-element-29fabe1 elementor-section-content-middle elementor-section-boxed elementor-section-height-default elementor-section-height-default\" data-id=\"29fabe1\" data-element_type=\"section\" data-e-type=\"section\" data-settings=\"{&quot;background_background&quot;:&quot;classic&quot;}\">\n\t\t\t\t\t\t<div class=\"elementor-container elementor-column-gap-no\">\n\t\t\t\t\t<div class=\"elementor-column elementor-col-100 elementor-top-column elementor-element elementor-element-75a1a59\" data-id=\"75a1a59\" data-element_type=\"column\" data-e-type=\"column\">\n\t\t\t<div class=\"elementor-widget-wrap elementor-element-populated\">\n\t\t\t\t\t\t<div class=\"elementor-element elementor-element-7c5386b elementor-invisible elementor-widget elementor-widget-heading\" data-id=\"7c5386b\" data-element_type=\"widget\" data-e-type=\"widget\" data-settings=\"{&quot;_animation&quot;:&quot;fadeInUp&quot;}\" data-widget_type=\"heading.default\">\n\t\t\t\t\t<h2 class=\"elementor-heading-title elementor-size-default\">Folgende Unterlagen werden im Sterbefall ben\u00f6tigt<\/h2>\t\t\t\t<\/div>\n\t\t\t\t<section class=\"elementor-section elementor-inner-section elementor-element elementor-element-bf4f8a0 elementor-section-boxed elementor-section-height-default elementor-section-height-default elementor-invisible\" data-id=\"bf4f8a0\" data-element_type=\"section\" data-e-type=\"section\" data-settings=\"{&quot;background_background&quot;:&quot;classic&quot;,&quot;animation&quot;:&quot;fadeInUp&quot;,&quot;animation_delay&quot;:250}\">\n\t\t\t\t\t\t<div class=\"elementor-container elementor-column-gap-default\">\n\t\t\t\t\t<div class=\"elementor-column elementor-col-25 elementor-inner-column elementor-element elementor-element-8e1e3b8\" data-id=\"8e1e3b8\" data-element_type=\"column\" data-e-type=\"column\" data-settings=\"{&quot;background_background&quot;:&quot;classic&quot;}\">\n\t\t\t<div class=\"elementor-widget-wrap elementor-element-populated\">\n\t\t\t\t\t\t<div class=\"elementor-element elementor-element-169067b elementor-widget elementor-widget-heading\" data-id=\"169067b\" data-element_type=\"widget\" data-e-type=\"widget\" data-widget_type=\"heading.default\">\n\t\t\t\t\t<h3 class=\"elementor-heading-title elementor-size-default\">Ledig<\/h3>\t\t\t\t<\/div>\n\t\t\t\t<div class=\"elementor-element elementor-element-b46bdc9 elementor-widget elementor-widget-text-editor\" data-id=\"b46bdc9\" data-element_type=\"widget\" data-e-type=\"widget\" data-widget_type=\"text-editor.default\">\n\t\t\t\t\t\t\t\t\tBen\u00f6tigte Dokumente\t\t\t\t\t\t\t\t<\/div>\n\t\t\t\t<div class=\"elementor-element elementor-element-26746dd elementor-widget elementor-widget-text-editor\" data-id=\"26746dd\" data-element_type=\"widget\" data-e-type=\"widget\" data-widget_type=\"text-editor.default\">\n\t\t\t\t\t\t\t\t\t<ul><li>Geburtsurkunde<\/li><li>Ausweis u. Reisepass d. Verstorbenen<\/li><li>ggf. Meldebscheinigung<\/li><\/ul>\t\t\t\t\t\t\t\t<\/div>\n\t\t\t\t\t<\/div>\n\t\t<\/div>\n\t\t\t\t<div class=\"elementor-column elementor-col-25 elementor-inner-column elementor-element elementor-element-3b73e56\" data-id=\"3b73e56\" data-element_type=\"column\" data-e-type=\"column\" data-settings=\"{&quot;background_background&quot;:&quot;classic&quot;}\">\n\t\t\t<div class=\"elementor-widget-wrap elementor-element-populated\">\n\t\t\t\t\t\t<div class=\"elementor-element elementor-element-5e43b0a elementor-widget elementor-widget-heading\" data-id=\"5e43b0a\" data-element_type=\"widget\" data-e-type=\"widget\" data-widget_type=\"heading.default\">\n\t\t\t\t\t<h3 class=\"elementor-heading-title elementor-size-default\">Verheiratet<\/h3>\t\t\t\t<\/div>\n\t\t\t\t<div class=\"elementor-element elementor-element-0480479 elementor-widget elementor-widget-text-editor\" data-id=\"0480479\" data-element_type=\"widget\" data-e-type=\"widget\" data-widget_type=\"text-editor.default\">\n\t\t\t\t\t\t\t\t\tBen\u00f6tigte Dokumente\t\t\t\t\t\t\t\t<\/div>\n\t\t\t\t<div class=\"elementor-element elementor-element-bc4b75b elementor-widget elementor-widget-text-editor\" data-id=\"bc4b75b\" data-element_type=\"widget\" data-e-type=\"widget\" data-widget_type=\"text-editor.default\">\n\t\t\t\t\t\t\t\t\t<ul><li>Heiratsurkunde oder Familienbuch<\/li><li>Ausweis u. Reisepass d. Verstorbenen<\/li><li>Raf. Moldebescheinigung<\/li><\/ul>\t\t\t\t\t\t\t\t<\/div>\n\t\t\t\t\t<\/div>\n\t\t<\/div>\n\t\t\t\t<div class=\"elementor-column elementor-col-25 elementor-inner-column elementor-element elementor-element-cd503b6\" data-id=\"cd503b6\" data-element_type=\"column\" data-e-type=\"column\" data-settings=\"{&quot;background_background&quot;:&quot;classic&quot;}\">\n\t\t\t<div class=\"elementor-widget-wrap elementor-element-populated\">\n\t\t\t\t\t\t<div class=\"elementor-element elementor-element-06fbc7f elementor-widget elementor-widget-heading\" data-id=\"06fbc7f\" data-element_type=\"widget\" data-e-type=\"widget\" data-widget_type=\"heading.default\">\n\t\t\t\t\t<h3 class=\"elementor-heading-title elementor-size-default\">Verwitwet<\/h3>\t\t\t\t<\/div>\n\t\t\t\t<div class=\"elementor-element elementor-element-d064fde elementor-widget elementor-widget-text-editor\" data-id=\"d064fde\" data-element_type=\"widget\" data-e-type=\"widget\" data-widget_type=\"text-editor.default\">\n\t\t\t\t\t\t\t\t\tBen\u00f6tigte Dokumente\t\t\t\t\t\t\t\t<\/div>\n\t\t\t\t<div class=\"elementor-element elementor-element-b59c533 elementor-widget elementor-widget-text-editor\" data-id=\"b59c533\" data-element_type=\"widget\" data-e-type=\"widget\" data-widget_type=\"text-editor.default\">\n\t\t\t\t\t\t\t\t\t<ul><li>Heiratsurkunde oder Familienbuch<\/li><li>Sterbeurkunde des Ehepartners<\/li><li>ggt. Heiratsurkunde<\/li><li>Ausweis u. Reisepass d. Verstorbenen<\/li><\/ul>\t\t\t\t\t\t\t\t<\/div>\n\t\t\t\t\t<\/div>\n\t\t<\/div>\n\t\t\t\t<div class=\"elementor-column elementor-col-25 elementor-inner-column elementor-element elementor-element-1f073b4\" data-id=\"1f073b4\" data-element_type=\"column\" data-e-type=\"column\" data-settings=\"{&quot;background_background&quot;:&quot;classic&quot;}\">\n\t\t\t<div class=\"elementor-widget-wrap elementor-element-populated\">\n\t\t\t\t\t\t<div class=\"elementor-element elementor-element-87662cd elementor-widget elementor-widget-heading\" data-id=\"87662cd\" data-element_type=\"widget\" data-e-type=\"widget\" data-widget_type=\"heading.default\">\n\t\t\t\t\t<h3 class=\"elementor-heading-title elementor-size-default\">Geschieden<\/h3>\t\t\t\t<\/div>\n\t\t\t\t<div class=\"elementor-element elementor-element-1f50527 elementor-widget elementor-widget-text-editor\" data-id=\"1f50527\" data-element_type=\"widget\" data-e-type=\"widget\" data-widget_type=\"text-editor.default\">\n\t\t\t\t\t\t\t\t\tBen\u00f6tigte Dokumente\t\t\t\t\t\t\t\t<\/div>\n\t\t\t\t<div class=\"elementor-element elementor-element-73ef21d elementor-widget elementor-widget-text-editor\" data-id=\"73ef21d\" data-element_type=\"widget\" data-e-type=\"widget\" data-widget_type=\"text-editor.default\">\n\t\t\t\t\t\t\t\t\t<ul><li>Heiratsurkunde oder Familienbuch<\/li><li>rechtskr\u00e4ftiges Scheidungsurteil<\/li><li>Ausweis u. Reisepass d. Verstorbenen<\/li><li>ggf. Meldebescheinigung<\/li><\/ul>\t\t\t\t\t\t\t\t<\/div>\n\t\t\t\t\t<\/div>\n\t\t<\/div>\n\t\t\t\t\t<\/div>\n\t\t<\/section>\n\t\t\t\t<section class=\"elementor-section elementor-inner-section elementor-element elementor-element-edf1cad elementor-section-boxed elementor-section-height-default elementor-section-height-default elementor-invisible\" data-id=\"edf1cad\" data-element_type=\"section\" data-e-type=\"section\" data-settings=\"{&quot;background_background&quot;:&quot;classic&quot;,&quot;animation&quot;:&quot;fadeInUp&quot;,&quot;animation_delay&quot;:500}\">\n\t\t\t\t\t\t<div class=\"elementor-container elementor-column-gap-default\">\n\t\t\t\t\t<div class=\"elementor-column elementor-col-100 elementor-inner-column elementor-element elementor-element-945f85d\" data-id=\"945f85d\" data-element_type=\"column\" data-e-type=\"column\" data-settings=\"{&quot;background_background&quot;:&quot;classic&quot;}\">\n\t\t\t<div class=\"elementor-widget-wrap elementor-element-populated\">\n\t\t\t\t\t\t<div class=\"elementor-element elementor-element-b4dc9fc elementor-widget elementor-widget-heading\" data-id=\"b4dc9fc\" data-element_type=\"widget\" data-e-type=\"widget\" data-widget_type=\"heading.default\">\n\t\t\t\t\t<h5 class=\"elementor-heading-title elementor-size-default\">Warum werden diese Unterlagen ben\u00f6tigt?<\/h5>\t\t\t\t<\/div>\n\t\t\t\t<div class=\"elementor-element elementor-element-96af3ea elementor-widget elementor-widget-text-editor\" data-id=\"96af3ea\" data-element_type=\"widget\" data-e-type=\"widget\" data-widget_type=\"text-editor.default\">\n\t\t\t\t\t\t\t\t\tDie Unterlagen werden f\u00fcr das Standesamt ben\u00f6tigt, um die Sterbeurkunden zu bekommen. Ohne Sterbeurkunden ist eine Beisetzung oder \u00dcberf\u00fchrung nicht m\u00f6glich. Au\u00dferdem wird die Sterbeurkunde hinterher auch f\u00fcr Abmeldungen, Erbangelegenheiten, Rentenanspr\u00fcche etc. ben\u00f6tigt.\t\t\t\t\t\t\t\t<\/div>\n\t\t\t\t\t<\/div>\n\t\t<\/div>\n\t\t\t\t\t<\/div>\n\t\t<\/section>\n\t\t\t\t\t<\/div>\n\t\t<\/div>\n\t\t\t\t\t<\/div>\n\t\t<\/section>\n\t\t\t\t<\/div>","protected":false},"excerpt":{"rendered":"<p>Bestattung in der Heimat Gerade Menschen, die viele Jahre ihres Lebens fernab ihrer Heimat verbracht haben, versp\u00fcren h\u00e4ufig den tiefen Wunsch, ihre letzte Ruhe im Heimatland zu finden. Das Leben f\u00fchrte viele nach Deutschland \u2013 der Tod bringt sie zur\u00fcck in ihre Heimat. F\u00fcr zahlreiche Muslime mit Migrationshintergrund ist die Bestattung im Heimatland ein bedeutendes [&hellip;]<\/p>\n","protected":false},"author":1,"featured_media":1025,"parent":0,"menu_order":0,"comment_status":"closed","ping_status":"closed","template":"elementor_header_footer","meta":{"footnotes":""},"class_list":["post-636","page","type-page","status-publish","has-post-thumbnail","hentry"],"_links":{"self":[{"href":"https:\/\/islam-bestattungen.de\/en\/wp-json\/wp\/v2\/pages\/636","targetHints":{"allow":["GET"]}}],"collection":[{"href":"https:\/\/islam-bestattungen.de\/en\/wp-json\/wp\/v2\/pages"}],"about":[{"href":"https:\/\/islam-bestattungen.de\/en\/wp-json\/wp\/v2\/types\/page"}],"author":[{"embeddable":true,"href":"https:\/\/islam-bestattungen.de\/en\/wp-json\/wp\/v2\/users\/1"}],"replies":[{"embeddable":true,"href":"https:\/\/islam-bestattungen.de\/en\/wp-json\/wp\/v2\/comments?post=636"}],"version-history":[{"count":0,"href":"https:\/\/islam-bestattungen.de\/en\/wp-json\/wp\/v2\/pages\/636\/revisions"}],"wp:featuredmedia":[{"embeddable":true,"href":"https:\/\/islam-bestattungen.de\/en\/wp-json\/wp\/v2\/media\/1025"}],"wp:attachment":[{"href":"https:\/\/islam-bestattungen.de\/en\/wp-json\/wp\/v2\/media?parent=636"}],"curies":[{"name":"wp","href":"https:\/\/api.w.org\/{rel}","templated":true}]}}