{"id":634,"date":"2025-07-09T12:12:27","date_gmt":"2025-07-09T12:12:27","guid":{"rendered":"https:\/\/islam-bestattungen.de\/?page_id=634"},"modified":"2025-07-31T10:58:02","modified_gmt":"2025-07-31T10:58:02","slug":"islamische-bestattung-in-deutschland","status":"publish","type":"page","link":"https:\/\/islam-bestattungen.de\/en\/islamische-bestattung-in-deutschland\/","title":{"rendered":"Islamic burial in Germany"},"content":{"rendered":"<div data-elementor-type=\"wp-page\" data-elementor-id=\"634\" class=\"elementor elementor-634\" data-elementor-post-type=\"page\">\n\t\t\t\t\t\t<section class=\"elementor-section elementor-top-section elementor-element elementor-element-19bcef3c elementor-section-content-middle elementor-section-boxed elementor-section-height-default elementor-section-height-default\" data-id=\"19bcef3c\" data-element_type=\"section\" data-e-type=\"section\" data-settings=\"{&quot;background_background&quot;:&quot;classic&quot;}\">\n\t\t\t\t\t\t<div class=\"elementor-container elementor-column-gap-default\">\n\t\t\t\t\t<div class=\"elementor-column elementor-col-100 elementor-top-column elementor-element elementor-element-323cb641\" data-id=\"323cb641\" data-element_type=\"column\" data-e-type=\"column\">\n\t\t\t<div class=\"elementor-widget-wrap elementor-element-populated\">\n\t\t\t\t\t\t\t<\/div>\n\t\t<\/div>\n\t\t\t\t\t<\/div>\n\t\t<\/section>\n\t\t\t\t<section class=\"elementor-section elementor-top-section elementor-element elementor-element-5a72fba3 elementor-section-content-middle elementor-reverse-mobile elementor-section-boxed elementor-section-height-default elementor-section-height-default\" data-id=\"5a72fba3\" data-element_type=\"section\" data-e-type=\"section\" data-settings=\"{&quot;background_background&quot;:&quot;classic&quot;}\">\n\t\t\t\t\t\t<div class=\"elementor-container elementor-column-gap-default\">\n\t\t\t\t\t<div class=\"elementor-column elementor-col-50 elementor-top-column elementor-element elementor-element-2b03d884\" data-id=\"2b03d884\" data-element_type=\"column\" data-e-type=\"column\">\n\t\t\t<div class=\"elementor-widget-wrap elementor-element-populated\">\n\t\t\t\t\t\t<div class=\"elementor-element elementor-element-62212b70 elementor-invisible elementor-widget elementor-widget-heading\" data-id=\"62212b70\" data-element_type=\"widget\" data-e-type=\"widget\" data-settings=\"{&quot;_animation&quot;:&quot;fadeInUp&quot;}\" data-widget_type=\"heading.default\">\n\t\t\t\t\t<h2 class=\"elementor-heading-title elementor-size-default\">Islamische Bestattungen auch auf Deutschen Friedh\u00f6fen m\u00f6glich.<\/h2>\t\t\t\t<\/div>\n\t\t\t\t<div class=\"elementor-element elementor-element-58975ba2 elementor-invisible elementor-widget elementor-widget-text-editor\" data-id=\"58975ba2\" data-element_type=\"widget\" data-e-type=\"widget\" data-settings=\"{&quot;_animation&quot;:&quot;fadeInUp&quot;,&quot;_animation_delay&quot;:250}\" data-widget_type=\"text-editor.default\">\n\t\t\t\t\t\t\t\t\tDie j\u00fcngste Reform des Bestattungsgesetzes erm\u00f6glicht es uns Muslimen zunehmend, Beerdigungen nach den Riten unseres Glaubens auch in Deutschland durchzuf\u00fchren. Das stellt eine gro\u00dfe Erleichterung f\u00fcr die muslimische Gemeinschaft dar. Inzwischen bieten nahezu alle St\u00e4dte und Gemeinden in NRW muslimische Bestattungsm\u00f6glichkeiten \u2013 auch ohne Sarg \u2013 an.\t\t\t\t\t\t\t\t<\/div>\n\t\t\t\t<div class=\"elementor-element elementor-element-680e497b elementor-invisible elementor-widget elementor-widget-text-editor\" data-id=\"680e497b\" data-element_type=\"widget\" data-e-type=\"widget\" data-settings=\"{&quot;_animation&quot;:&quot;fadeInUp&quot;,&quot;_animation_delay&quot;:500}\" data-widget_type=\"text-editor.default\">\n\t\t\t\t\t\t\t\t\tDie islamische Bestattung ohne Sarg ist auch f\u00fcr uns eine besondere Herzensangelegenheit. Unsere geschulten Mitarbeiter f\u00fchren diese rituelle Beisetzung mit gr\u00f6\u00dfter Sorgfalt und Einf\u00fchlungsverm\u00f6gen durch. Bei dieser Form der Beerdigung wird der Verstorbene direkt ins Grab gelegt. Eine oder zwei Personen steigen behutsam in das Grab hinab und betten den Verstorbenen auf die rechte Seite \u2013 gem\u00e4\u00df der islamischen Tradition. Anschlie\u00dfend wird der K\u00f6rper mit sogenannten \u201eGrabplatten\u201c aus Holz abgedeckt, damit keine direkte Ber\u00fchrung mit der Erde erfolgt. Danach wird das Grab zugeschaufelt und unser Imam spricht die traditionellen Gebete.\t\t\t\t\t\t\t\t<\/div>\n\t\t\t\t\t<\/div>\n\t\t<\/div>\n\t\t\t\t<div class=\"elementor-column elementor-col-50 elementor-top-column elementor-element elementor-element-272d907\" data-id=\"272d907\" data-element_type=\"column\" data-e-type=\"column\">\n\t\t\t<div class=\"elementor-widget-wrap elementor-element-populated\">\n\t\t\t\t\t\t<div class=\"elementor-element elementor-element-2b69c0e1 elementor-invisible elementor-widget elementor-widget-image\" data-id=\"2b69c0e1\" data-element_type=\"widget\" data-e-type=\"widget\" data-settings=\"{&quot;_animation&quot;:&quot;fadeIn&quot;,&quot;_animation_delay&quot;:500}\" data-widget_type=\"image.default\">\n\t\t\t\t\t\t\t\t\t\t\t\t\t\t\t<img fetchpriority=\"high\" decoding=\"async\" width=\"2560\" height=\"1706\" src=\"https:\/\/islam-bestattungen.de\/wp-content\/uploads\/2025\/07\/Beisetzung-in-Deutschland.jpg\" class=\"attachment-full size-full wp-image-1121\" alt=\"\" srcset=\"https:\/\/islam-bestattungen.de\/wp-content\/uploads\/2025\/07\/Beisetzung-in-Deutschland.jpg 2560w, https:\/\/islam-bestattungen.de\/wp-content\/uploads\/2025\/07\/Beisetzung-in-Deutschland-300x200.jpg 300w, https:\/\/islam-bestattungen.de\/wp-content\/uploads\/2025\/07\/Beisetzung-in-Deutschland-1024x682.jpg 1024w, https:\/\/islam-bestattungen.de\/wp-content\/uploads\/2025\/07\/Beisetzung-in-Deutschland-768x512.jpg 768w, https:\/\/islam-bestattungen.de\/wp-content\/uploads\/2025\/07\/Beisetzung-in-Deutschland-1536x1024.jpg 1536w, https:\/\/islam-bestattungen.de\/wp-content\/uploads\/2025\/07\/Beisetzung-in-Deutschland-2048x1365.jpg 2048w\" sizes=\"(max-width: 2560px) 100vw, 2560px\" \/>\t\t\t\t\t\t\t\t\t\t\t\t\t\t\t<\/div>\n\t\t\t\t\t<\/div>\n\t\t<\/div>\n\t\t\t\t\t<\/div>\n\t\t<\/section>\n\t\t\t\t<section class=\"elementor-section elementor-top-section elementor-element elementor-element-1480744 elementor-section-content-middle elementor-reverse-mobile elementor-section-boxed elementor-section-height-default elementor-section-height-default\" data-id=\"1480744\" data-element_type=\"section\" data-e-type=\"section\" data-settings=\"{&quot;background_background&quot;:&quot;classic&quot;}\">\n\t\t\t\t\t\t<div class=\"elementor-container elementor-column-gap-default\">\n\t\t\t\t\t<div class=\"elementor-column elementor-col-50 elementor-top-column elementor-element elementor-element-3c64673\" data-id=\"3c64673\" data-element_type=\"column\" data-e-type=\"column\">\n\t\t\t<div class=\"elementor-widget-wrap elementor-element-populated\">\n\t\t\t\t\t\t<div class=\"elementor-element elementor-element-737e47bb elementor-widget elementor-widget-shortcode\" data-id=\"737e47bb\" data-element_type=\"widget\" data-e-type=\"widget\" data-widget_type=\"shortcode.default\">\n\t\t\t\t\t\t\t<div class=\"elementor-shortcode\"><div id=\"footable_parent_685\"\n         class=\"footable_parent ninja_table_wrapper loading_ninja_table wp_table_data_press_parent semantic_ui\">\n                <table data-ninja_table_instance=\"ninja_table_instance_0\" data-footable_id=\"685\" data-filter-delay=\"1000\" aria-label=\"Beisetzung-In-Deutschland\"            id=\"footable_685\"\n           data-unique_identifier=\"ninja_table_unique_id_347880635_685\"\n           class=\"foo-table ninja_footable foo_table_685 ninja_table_unique_id_347880635_685 ui table  ninja_search_right nt_type_ajax_table celled striped vertical_centered  footable-paging-right ninjatable_hide_header_row ninja_table_pro\">\n                <colgroup>\n                            <col class=\"ninja_column_0\">\n                    <\/colgroup>\n            <\/table>\n    \n    \n    \n<\/div>\n<\/div>\n\t\t\t\t\t\t<\/div>\n\t\t\t\t\t<\/div>\n\t\t<\/div>\n\t\t\t\t<div class=\"elementor-column elementor-col-50 elementor-top-column elementor-element elementor-element-c5b37ec\" data-id=\"c5b37ec\" data-element_type=\"column\" data-e-type=\"column\">\n\t\t\t<div class=\"elementor-widget-wrap elementor-element-populated\">\n\t\t\t\t\t\t<div class=\"elementor-element elementor-element-52f88e21 elementor-widget elementor-widget-heading\" data-id=\"52f88e21\" data-element_type=\"widget\" data-e-type=\"widget\" data-widget_type=\"heading.default\">\n\t\t\t\t\t<h2 class=\"elementor-heading-title elementor-size-default\">Beisetzung in Deutschland<\/h2>\t\t\t\t<\/div>\n\t\t\t\t<div class=\"elementor-element elementor-element-72b1c2ad elementor-widget elementor-widget-text-editor\" data-id=\"72b1c2ad\" data-element_type=\"widget\" data-e-type=\"widget\" data-widget_type=\"text-editor.default\">\n\t\t\t\t\t\t\t\t\tErfahren Sie, ob eine Islamische Bestattung in Ihrer Stadt oder Umgebung in NRW m\u00f6glich ist.\t\t\t\t\t\t\t\t<\/div>\n\t\t\t\t<div class=\"elementor-element elementor-element-336a90a9 elementor-widget elementor-widget-heading\" data-id=\"336a90a9\" data-element_type=\"widget\" data-e-type=\"widget\" data-widget_type=\"heading.default\">\n\t\t\t\t\t<h3 class=\"elementor-heading-title elementor-size-default\">W\u00e4hlen Sie zuerst Ihr Bundesland aus<\/h3>\t\t\t\t<\/div>\n\t\t\t\t\t<\/div>\n\t\t<\/div>\n\t\t\t\t\t<\/div>\n\t\t<\/section>\n\t\t\t\t<section class=\"elementor-section elementor-top-section elementor-element elementor-element-a0781b1 elementor-section-boxed elementor-section-height-default elementor-section-height-default\" data-id=\"a0781b1\" data-element_type=\"section\" data-e-type=\"section\" data-settings=\"{&quot;background_background&quot;:&quot;classic&quot;}\">\n\t\t\t\t\t\t<div class=\"elementor-container elementor-column-gap-default\">\n\t\t\t\t\t<div class=\"elementor-column elementor-col-50 elementor-top-column elementor-element elementor-element-78784eb animated-slow elementor-invisible\" data-id=\"78784eb\" data-element_type=\"column\" data-e-type=\"column\" data-settings=\"{&quot;background_background&quot;:&quot;classic&quot;,&quot;animation&quot;:&quot;fadeInLeft&quot;}\">\n\t\t\t<div class=\"elementor-widget-wrap elementor-element-populated\">\n\t\t\t\t\t\t<div class=\"elementor-element elementor-element-3eb70da3 elementor-invisible elementor-widget elementor-widget-image\" data-id=\"3eb70da3\" data-element_type=\"widget\" data-e-type=\"widget\" data-settings=\"{&quot;_animation&quot;:&quot;fadeIn&quot;,&quot;_animation_delay&quot;:500}\" data-widget_type=\"image.default\">\n\t\t\t\t\t\t\t\t\t\t\t\t\t\t\t<img decoding=\"async\" width=\"1380\" height=\"921\" src=\"https:\/\/islam-bestattungen.de\/wp-content\/uploads\/2025\/07\/graveyard-background-concept_23-2149585205-1.jpg\" class=\"attachment-full size-full wp-image-624\" alt=\"Muslimische Grabsteine auf deutschem Friedhof im Freien wetterabh\u00e4ngige islamische Bestattungsform ohne Sarg\" srcset=\"https:\/\/islam-bestattungen.de\/wp-content\/uploads\/2025\/07\/graveyard-background-concept_23-2149585205-1.jpg 1380w, https:\/\/islam-bestattungen.de\/wp-content\/uploads\/2025\/07\/graveyard-background-concept_23-2149585205-1-300x200.jpg 300w, https:\/\/islam-bestattungen.de\/wp-content\/uploads\/2025\/07\/graveyard-background-concept_23-2149585205-1-1024x683.jpg 1024w, https:\/\/islam-bestattungen.de\/wp-content\/uploads\/2025\/07\/graveyard-background-concept_23-2149585205-1-768x513.jpg 768w\" sizes=\"(max-width: 1380px) 100vw, 1380px\" \/>\t\t\t\t\t\t\t\t\t\t\t\t\t\t\t<\/div>\n\t\t\t\t<div class=\"elementor-element elementor-element-31accc94 elementor-widget elementor-widget-heading\" data-id=\"31accc94\" data-element_type=\"widget\" data-e-type=\"widget\" data-widget_type=\"heading.default\">\n\t\t\t\t\t<h3 class=\"elementor-heading-title elementor-size-default\">Die Art der Bestattung richtet sich auch nach den Witterungsverh\u00e4ltnissen.<\/h3>\t\t\t\t<\/div>\n\t\t\t\t<div class=\"elementor-element elementor-element-4abca844 elementor-widget elementor-widget-text-editor\" data-id=\"4abca844\" data-element_type=\"widget\" data-e-type=\"widget\" data-widget_type=\"text-editor.default\">\n\t\t\t\t\t\t\t\t\tDie islamische Bestattung ohne Sarg gewinnt in Deutschland zunehmend an Bedeutung. Da sie jedoch stark wetterabh\u00e4ngig ist, pr\u00fcfen wir vor jeder Beisetzung sorgf\u00e4ltig die Wetterbedingungen. So stellen wir sicher, dass der Verstorbene w\u00fcrdevoll und ohne Komplikationen beigesetzt werden kann.\t\t\t\t\t\t\t\t<\/div>\n\t\t\t\t<div class=\"elementor-element elementor-element-a08f289 elementor-widget elementor-widget-button\" data-id=\"a08f289\" data-element_type=\"widget\" data-e-type=\"widget\" data-widget_type=\"button.default\">\n\t\t\t\t\t\t\t\t\t\t<a class=\"elementor-button elementor-button-link elementor-size-sm\" href=\"https:\/\/islam-bestattungen.de\/en\/#kontaktiere\">\n\t\t\t\t\t\t<span class=\"elementor-button-content-wrapper\">\n\t\t\t\t\t\t\t\t\t<span class=\"elementor-button-text\">Contact us<\/span>\n\t\t\t\t\t<\/span>\n\t\t\t\t\t<\/a>\n\t\t\t\t\t\t\t\t<\/div>\n\t\t\t\t\t<\/div>\n\t\t<\/div>\n\t\t\t\t<div class=\"elementor-column elementor-col-50 elementor-top-column elementor-element elementor-element-c365f6a animated-slow elementor-invisible\" data-id=\"c365f6a\" data-element_type=\"column\" data-e-type=\"column\" data-settings=\"{&quot;background_background&quot;:&quot;classic&quot;,&quot;animation&quot;:&quot;fadeInRight&quot;}\">\n\t\t\t<div class=\"elementor-widget-wrap elementor-element-populated\">\n\t\t\t\t\t\t<div class=\"elementor-element elementor-element-4ef709e4 elementor-widget-tablet__width-initial elementor-widget-mobile__width-initial elementor-invisible elementor-widget elementor-widget-image\" data-id=\"4ef709e4\" data-element_type=\"widget\" data-e-type=\"widget\" data-settings=\"{&quot;_animation&quot;:&quot;fadeIn&quot;,&quot;_animation_delay&quot;:500}\" data-widget_type=\"image.default\">\n\t\t\t\t\t\t\t\t\t\t\t\t\t\t\t<img decoding=\"async\" width=\"740\" height=\"509\" src=\"https:\/\/islam-bestattungen.de\/wp-content\/uploads\/2025\/07\/close-up-baby-feet_1048944-26130619.jpg\" class=\"attachment-full size-full wp-image-625\" alt=\"F\u00fc\u00dfe eines Totgeborenen symbolisieren muslimische Bestattung mit Leinentuch ritueller Waschung und Koranrezitation\" srcset=\"https:\/\/islam-bestattungen.de\/wp-content\/uploads\/2025\/07\/close-up-baby-feet_1048944-26130619.jpg 740w, https:\/\/islam-bestattungen.de\/wp-content\/uploads\/2025\/07\/close-up-baby-feet_1048944-26130619-300x206.jpg 300w\" sizes=\"(max-width: 740px) 100vw, 740px\" \/>\t\t\t\t\t\t\t\t\t\t\t\t\t\t\t<\/div>\n\t\t\t\t<div class=\"elementor-element elementor-element-6001eb54 elementor-widget elementor-widget-heading\" data-id=\"6001eb54\" data-element_type=\"widget\" data-e-type=\"widget\" data-widget_type=\"heading.default\">\n\t\t\t\t\t<h3 class=\"elementor-heading-title elementor-size-default\">Islamische Bestattung von Totgeborenen (Totgeburten)<\/h3>\t\t\t\t<\/div>\n\t\t\t\t<div class=\"elementor-element elementor-element-4e4814d elementor-widget elementor-widget-text-editor\" data-id=\"4e4814d\" data-element_type=\"widget\" data-e-type=\"widget\" data-widget_type=\"text-editor.default\">\n\t\t\t\t\t\t\t\t\tAuch Totgeborene werden im Islam mit W\u00fcrde bestattet \u2013 mit ritueller Waschung, Einh\u00fcllung in ein Leinentuch und Beisetzung nach islamischem Brauch. Dies geschieht meist im engsten Kreis, begleitet von Gebeten und Koranrezitationen.\t\t\t\t\t\t\t\t<\/div>\n\t\t\t\t<div class=\"elementor-element elementor-element-9a067be elementor-widget elementor-widget-button\" data-id=\"9a067be\" data-element_type=\"widget\" data-e-type=\"widget\" data-widget_type=\"button.default\">\n\t\t\t\t\t\t\t\t\t\t<a class=\"elementor-button elementor-button-link elementor-size-sm\" href=\"https:\/\/islam-bestattungen.de\/en\/#kontaktiere\">\n\t\t\t\t\t\t<span class=\"elementor-button-content-wrapper\">\n\t\t\t\t\t\t\t\t\t<span class=\"elementor-button-text\">Contact us<\/span>\n\t\t\t\t\t<\/span>\n\t\t\t\t\t<\/a>\n\t\t\t\t\t\t\t\t<\/div>\n\t\t\t\t\t<\/div>\n\t\t<\/div>\n\t\t\t\t\t<\/div>\n\t\t<\/section>\n\t\t\t\t<section class=\"elementor-section elementor-top-section elementor-element elementor-element-aecac93 elementor-section-content-middle elementor-section-boxed elementor-section-height-default elementor-section-height-default\" data-id=\"aecac93\" data-element_type=\"section\" data-e-type=\"section\" data-settings=\"{&quot;background_background&quot;:&quot;classic&quot;}\">\n\t\t\t\t\t\t<div class=\"elementor-container elementor-column-gap-no\">\n\t\t\t\t\t<div class=\"elementor-column elementor-col-100 elementor-top-column elementor-element elementor-element-61bf723\" data-id=\"61bf723\" data-element_type=\"column\" data-e-type=\"column\">\n\t\t\t<div class=\"elementor-widget-wrap elementor-element-populated\">\n\t\t\t\t\t\t<div class=\"elementor-element elementor-element-3c83d3e elementor-invisible elementor-widget elementor-widget-heading\" data-id=\"3c83d3e\" data-element_type=\"widget\" data-e-type=\"widget\" data-settings=\"{&quot;_animation&quot;:&quot;fadeInUp&quot;}\" data-widget_type=\"heading.default\">\n\t\t\t\t\t<h2 class=\"elementor-heading-title elementor-size-default\">Folgende Unterlagen werden im Sterbefall ben\u00f6tigt<\/h2>\t\t\t\t<\/div>\n\t\t\t\t<section class=\"elementor-section elementor-inner-section elementor-element elementor-element-b5589bd elementor-section-boxed elementor-section-height-default elementor-section-height-default elementor-invisible\" data-id=\"b5589bd\" data-element_type=\"section\" data-e-type=\"section\" data-settings=\"{&quot;background_background&quot;:&quot;classic&quot;,&quot;animation&quot;:&quot;fadeInUp&quot;,&quot;animation_delay&quot;:250}\">\n\t\t\t\t\t\t<div class=\"elementor-container elementor-column-gap-default\">\n\t\t\t\t\t<div class=\"elementor-column elementor-col-25 elementor-inner-column elementor-element elementor-element-5f50f9a\" data-id=\"5f50f9a\" data-element_type=\"column\" data-e-type=\"column\" data-settings=\"{&quot;background_background&quot;:&quot;classic&quot;}\">\n\t\t\t<div class=\"elementor-widget-wrap elementor-element-populated\">\n\t\t\t\t\t\t<div class=\"elementor-element elementor-element-e36ab21 elementor-widget elementor-widget-heading\" data-id=\"e36ab21\" data-element_type=\"widget\" data-e-type=\"widget\" data-widget_type=\"heading.default\">\n\t\t\t\t\t<h3 class=\"elementor-heading-title elementor-size-default\">Ledig<\/h3>\t\t\t\t<\/div>\n\t\t\t\t<div class=\"elementor-element elementor-element-035c757 elementor-widget elementor-widget-text-editor\" data-id=\"035c757\" data-element_type=\"widget\" data-e-type=\"widget\" data-widget_type=\"text-editor.default\">\n\t\t\t\t\t\t\t\t\tBen\u00f6tigte Dokumente\t\t\t\t\t\t\t\t<\/div>\n\t\t\t\t<div class=\"elementor-element elementor-element-30b8e1a elementor-widget elementor-widget-text-editor\" data-id=\"30b8e1a\" data-element_type=\"widget\" data-e-type=\"widget\" data-widget_type=\"text-editor.default\">\n\t\t\t\t\t\t\t\t\t<ul><li>Geburtsurkunde<\/li><li>Ausweis u. Reisepass d. Verstorbenen<\/li><li>ggf. Meldebscheinigung<\/li><\/ul>\t\t\t\t\t\t\t\t<\/div>\n\t\t\t\t\t<\/div>\n\t\t<\/div>\n\t\t\t\t<div class=\"elementor-column elementor-col-25 elementor-inner-column elementor-element elementor-element-971a6f4\" data-id=\"971a6f4\" data-element_type=\"column\" data-e-type=\"column\" data-settings=\"{&quot;background_background&quot;:&quot;classic&quot;}\">\n\t\t\t<div class=\"elementor-widget-wrap elementor-element-populated\">\n\t\t\t\t\t\t<div class=\"elementor-element elementor-element-0b58635 elementor-widget elementor-widget-heading\" data-id=\"0b58635\" data-element_type=\"widget\" data-e-type=\"widget\" data-widget_type=\"heading.default\">\n\t\t\t\t\t<h3 class=\"elementor-heading-title elementor-size-default\">Verheiratet<\/h3>\t\t\t\t<\/div>\n\t\t\t\t<div class=\"elementor-element elementor-element-d9295e8 elementor-widget elementor-widget-text-editor\" data-id=\"d9295e8\" data-element_type=\"widget\" data-e-type=\"widget\" data-widget_type=\"text-editor.default\">\n\t\t\t\t\t\t\t\t\tBen\u00f6tigte Dokumente\t\t\t\t\t\t\t\t<\/div>\n\t\t\t\t<div class=\"elementor-element elementor-element-9218ea8 elementor-widget elementor-widget-text-editor\" data-id=\"9218ea8\" data-element_type=\"widget\" data-e-type=\"widget\" data-widget_type=\"text-editor.default\">\n\t\t\t\t\t\t\t\t\t<ul><li>Heiratsurkunde oder Familienbuch<\/li><li>Ausweis u. Reisepass d. Verstorbenen<\/li><li>Raf. Moldebescheinigung<\/li><\/ul>\t\t\t\t\t\t\t\t<\/div>\n\t\t\t\t\t<\/div>\n\t\t<\/div>\n\t\t\t\t<div class=\"elementor-column elementor-col-25 elementor-inner-column elementor-element elementor-element-8371039\" data-id=\"8371039\" data-element_type=\"column\" data-e-type=\"column\" data-settings=\"{&quot;background_background&quot;:&quot;classic&quot;}\">\n\t\t\t<div class=\"elementor-widget-wrap elementor-element-populated\">\n\t\t\t\t\t\t<div class=\"elementor-element elementor-element-58688c9 elementor-widget elementor-widget-heading\" data-id=\"58688c9\" data-element_type=\"widget\" data-e-type=\"widget\" data-widget_type=\"heading.default\">\n\t\t\t\t\t<h3 class=\"elementor-heading-title elementor-size-default\">Verwitwet<\/h3>\t\t\t\t<\/div>\n\t\t\t\t<div class=\"elementor-element elementor-element-cb44ea2 elementor-widget elementor-widget-text-editor\" data-id=\"cb44ea2\" data-element_type=\"widget\" data-e-type=\"widget\" data-widget_type=\"text-editor.default\">\n\t\t\t\t\t\t\t\t\tBen\u00f6tigte Dokumente\t\t\t\t\t\t\t\t<\/div>\n\t\t\t\t<div class=\"elementor-element elementor-element-a280926 elementor-widget elementor-widget-text-editor\" data-id=\"a280926\" data-element_type=\"widget\" data-e-type=\"widget\" data-widget_type=\"text-editor.default\">\n\t\t\t\t\t\t\t\t\t<ul><li>Heiratsurkunde oder Familienbuch<\/li><li>Sterbeurkunde des Ehepartners<\/li><li>ggt. Heiratsurkunde<\/li><li>Ausweis u. Reisepass d. Verstorbenen<\/li><\/ul>\t\t\t\t\t\t\t\t<\/div>\n\t\t\t\t\t<\/div>\n\t\t<\/div>\n\t\t\t\t<div class=\"elementor-column elementor-col-25 elementor-inner-column elementor-element elementor-element-c118c95\" data-id=\"c118c95\" data-element_type=\"column\" data-e-type=\"column\" data-settings=\"{&quot;background_background&quot;:&quot;classic&quot;}\">\n\t\t\t<div class=\"elementor-widget-wrap elementor-element-populated\">\n\t\t\t\t\t\t<div class=\"elementor-element elementor-element-155378e elementor-widget elementor-widget-heading\" data-id=\"155378e\" data-element_type=\"widget\" data-e-type=\"widget\" data-widget_type=\"heading.default\">\n\t\t\t\t\t<h3 class=\"elementor-heading-title elementor-size-default\">Geschieden<\/h3>\t\t\t\t<\/div>\n\t\t\t\t<div class=\"elementor-element elementor-element-fbf2c45 elementor-widget elementor-widget-text-editor\" data-id=\"fbf2c45\" data-element_type=\"widget\" data-e-type=\"widget\" data-widget_type=\"text-editor.default\">\n\t\t\t\t\t\t\t\t\tBen\u00f6tigte Dokumente\t\t\t\t\t\t\t\t<\/div>\n\t\t\t\t<div class=\"elementor-element elementor-element-2af0698 elementor-widget elementor-widget-text-editor\" data-id=\"2af0698\" data-element_type=\"widget\" data-e-type=\"widget\" data-widget_type=\"text-editor.default\">\n\t\t\t\t\t\t\t\t\t<ul><li>Heiratsurkunde oder Familienbuch<\/li><li>rechtskr\u00e4ftiges Scheidungsurteil<\/li><li>Ausweis u. Reisepass d. Verstorbenen<\/li><li>ggf. Meldebescheinigung<\/li><\/ul>\t\t\t\t\t\t\t\t<\/div>\n\t\t\t\t\t<\/div>\n\t\t<\/div>\n\t\t\t\t\t<\/div>\n\t\t<\/section>\n\t\t\t\t<section class=\"elementor-section elementor-inner-section elementor-element elementor-element-adabe2f elementor-section-boxed elementor-section-height-default elementor-section-height-default elementor-invisible\" data-id=\"adabe2f\" data-element_type=\"section\" data-e-type=\"section\" data-settings=\"{&quot;background_background&quot;:&quot;classic&quot;,&quot;animation&quot;:&quot;fadeInUp&quot;,&quot;animation_delay&quot;:500}\">\n\t\t\t\t\t\t<div class=\"elementor-container elementor-column-gap-default\">\n\t\t\t\t\t<div class=\"elementor-column elementor-col-100 elementor-inner-column elementor-element elementor-element-c401cc8\" data-id=\"c401cc8\" data-element_type=\"column\" data-e-type=\"column\" data-settings=\"{&quot;background_background&quot;:&quot;classic&quot;}\">\n\t\t\t<div class=\"elementor-widget-wrap elementor-element-populated\">\n\t\t\t\t\t\t<div class=\"elementor-element elementor-element-7b10e62 elementor-widget elementor-widget-heading\" data-id=\"7b10e62\" data-element_type=\"widget\" data-e-type=\"widget\" data-widget_type=\"heading.default\">\n\t\t\t\t\t<h5 class=\"elementor-heading-title elementor-size-default\">Warum werden diese Unterlagen ben\u00f6tigt?<\/h5>\t\t\t\t<\/div>\n\t\t\t\t<div class=\"elementor-element elementor-element-97d95c5 elementor-widget elementor-widget-text-editor\" data-id=\"97d95c5\" data-element_type=\"widget\" data-e-type=\"widget\" data-widget_type=\"text-editor.default\">\n\t\t\t\t\t\t\t\t\tDie Unterlagen werden f\u00fcr das Standesamt ben\u00f6tigt, um die Sterbeurkunden zu bekommen. Ohne Sterbeurkunden ist eine Beisetzung oder \u00dcberf\u00fchrung nicht m\u00f6glich. Au\u00dferdem wird die Sterbeurkunde hinterher auch f\u00fcr Abmeldungen, Erbangelegenheiten, Rentenanspr\u00fcche etc. ben\u00f6tigt.\t\t\t\t\t\t\t\t<\/div>\n\t\t\t\t\t<\/div>\n\t\t<\/div>\n\t\t\t\t\t<\/div>\n\t\t<\/section>\n\t\t\t\t\t<\/div>\n\t\t<\/div>\n\t\t\t\t\t<\/div>\n\t\t<\/section>\n\t\t\t\t<\/div>","protected":false},"excerpt":{"rendered":"<p>Islamische Bestattungen auch auf Deutschen Friedh\u00f6fen m\u00f6glich. Die j\u00fcngste Reform des Bestattungsgesetzes erm\u00f6glicht es uns Muslimen zunehmend, Beerdigungen nach den Riten unseres Glaubens auch in Deutschland durchzuf\u00fchren. Das stellt eine gro\u00dfe Erleichterung f\u00fcr die muslimische Gemeinschaft dar. Inzwischen bieten nahezu alle St\u00e4dte und Gemeinden in NRW muslimische Bestattungsm\u00f6glichkeiten \u2013 auch ohne Sarg \u2013 an.Die islamische [&hellip;]<\/p>\n","protected":false},"author":1,"featured_media":1025,"parent":0,"menu_order":0,"comment_status":"closed","ping_status":"closed","template":"elementor_header_footer","meta":{"footnotes":""},"class_list":["post-634","page","type-page","status-publish","has-post-thumbnail","hentry"],"_links":{"self":[{"href":"https:\/\/islam-bestattungen.de\/en\/wp-json\/wp\/v2\/pages\/634","targetHints":{"allow":["GET"]}}],"collection":[{"href":"https:\/\/islam-bestattungen.de\/en\/wp-json\/wp\/v2\/pages"}],"about":[{"href":"https:\/\/islam-bestattungen.de\/en\/wp-json\/wp\/v2\/types\/page"}],"author":[{"embeddable":true,"href":"https:\/\/islam-bestattungen.de\/en\/wp-json\/wp\/v2\/users\/1"}],"replies":[{"embeddable":true,"href":"https:\/\/islam-bestattungen.de\/en\/wp-json\/wp\/v2\/comments?post=634"}],"version-history":[{"count":0,"href":"https:\/\/islam-bestattungen.de\/en\/wp-json\/wp\/v2\/pages\/634\/revisions"}],"wp:featuredmedia":[{"embeddable":true,"href":"https:\/\/islam-bestattungen.de\/en\/wp-json\/wp\/v2\/media\/1025"}],"wp:attachment":[{"href":"https:\/\/islam-bestattungen.de\/en\/wp-json\/wp\/v2\/media?parent=634"}],"curies":[{"name":"wp","href":"https:\/\/api.w.org\/{rel}","templated":true}]}}