{"id":1357,"date":"2025-08-11T09:16:39","date_gmt":"2025-08-11T09:16:39","guid":{"rendered":"https:\/\/islam-bestattungen.de\/?page_id=1357"},"modified":"2025-08-11T09:18:36","modified_gmt":"2025-08-11T09:18:36","slug":"nordrhein-westfalen","status":"publish","type":"page","link":"https:\/\/islam-bestattungen.de\/en\/islamische-bestattung-in-deutschland\/nordrhein-westfalen\/","title":{"rendered":"Nordrhein-Westfalen"},"content":{"rendered":"<style>.elementor-1357 .elementor-element.elementor-element-7889d3a4 > .elementor-container > .elementor-column > .elementor-widget-wrap{align-content:center;align-items:center;}.elementor-1357 .elementor-element.elementor-element-7889d3a4:not(.elementor-motion-effects-element-type-background), .elementor-1357 .elementor-element.elementor-element-7889d3a4 > .elementor-motion-effects-container > .elementor-motion-effects-layer{background-color:var( --e-global-color-secondary );}.elementor-1357 .elementor-element.elementor-element-7889d3a4{transition:background 0.3s, border 0.3s, border-radius 0.3s, box-shadow 0.3s;padding:100px 0px 100px 0px;}.elementor-1357 .elementor-element.elementor-element-7889d3a4 > .elementor-background-overlay{transition:background 0.3s, border-radius 0.3s, opacity 0.3s;}.elementor-1357 .elementor-element.elementor-element-ef37f0d{text-align:center;}.elementor-1357 .elementor-element.elementor-element-ef37f0d .elementor-heading-title{font-family:var( --e-global-typography-secondary-font-family ), Sans-serif;font-size:var( --e-global-typography-secondary-font-size );font-weight:var( --e-global-typography-secondary-font-weight );text-transform:var( --e-global-typography-secondary-text-transform );line-height:var( --e-global-typography-secondary-line-height );color:var( --e-global-color-e5c8540 );}.elementor-1357 .elementor-element.elementor-element-65b980e > .elementor-container > .elementor-column > .elementor-widget-wrap{align-content:center;align-items:center;}.elementor-1357 .elementor-element.elementor-element-65b980e:not(.elementor-motion-effects-element-type-background), .elementor-1357 .elementor-element.elementor-element-65b980e > .elementor-motion-effects-container > .elementor-motion-effects-layer{background-color:var( --e-global-color-e5c8540 );}.elementor-1357 .elementor-element.elementor-element-65b980e{transition:background 0.3s, border 0.3s, border-radius 0.3s, box-shadow 0.3s;padding:100px 0px 200px 0px;}.elementor-1357 .elementor-element.elementor-element-65b980e > .elementor-background-overlay{transition:background 0.3s, border-radius 0.3s, opacity 0.3s;}.elementor-1357 .elementor-element.elementor-element-3bb2ada > .elementor-element-populated{margin:0px 25px 0px 0px;--e-column-margin-right:25px;--e-column-margin-left:0px;}.elementor-1357 .elementor-element.elementor-element-e595c01{width:var( --container-widget-width, 97.222% );max-width:97.222%;--container-widget-width:97.222%;--container-widget-flex-grow:0;text-align:left;}.elementor-1357 .elementor-element.elementor-element-e595c01 .elementor-heading-title{font-family:var( --e-global-typography-secondary-font-family ), Sans-serif;font-size:var( --e-global-typography-secondary-font-size );font-weight:var( --e-global-typography-secondary-font-weight );text-transform:var( --e-global-typography-secondary-text-transform );line-height:var( --e-global-typography-secondary-line-height );color:var( --e-global-color-primary );}.elementor-1357 .elementor-element.elementor-element-778f7016{text-align:left;font-family:var( --e-global-typography-text-font-family ), Sans-serif;font-size:var( --e-global-typography-text-font-size );font-weight:var( --e-global-typography-text-font-weight );text-transform:var( --e-global-typography-text-text-transform );line-height:var( --e-global-typography-text-line-height );color:var( --e-global-color-text );}.elementor-1357 .elementor-element.elementor-element-4d5e3d9 .elementor-button{font-family:var( --e-global-typography-a892a9f-font-family ), Sans-serif;font-size:var( --e-global-typography-a892a9f-font-size );font-weight:var( --e-global-typography-a892a9f-font-weight );text-transform:var( --e-global-typography-a892a9f-text-transform );line-height:var( --e-global-typography-a892a9f-line-height );letter-spacing:var( --e-global-typography-a892a9f-letter-spacing );}.elementor-1357 .elementor-element.elementor-element-b000da6:not(.elementor-motion-effects-element-type-background) > .elementor-widget-wrap, .elementor-1357 .elementor-element.elementor-element-b000da6 > .elementor-widget-wrap > .elementor-motion-effects-container > .elementor-motion-effects-layer{background-color:var( --e-global-color-e5c8540 );}.elementor-1357 .elementor-element.elementor-element-b000da6 > .elementor-element-populated, .elementor-1357 .elementor-element.elementor-element-b000da6 > .elementor-element-populated > .elementor-background-overlay, .elementor-1357 .elementor-element.elementor-element-b000da6 > .elementor-background-slideshow{border-radius:15px 15px 15px 15px;}.elementor-1357 .elementor-element.elementor-element-b000da6 > .elementor-element-populated{box-shadow:0px 0px 10px 0px rgba(0, 0, 0, 0.08);transition:background 0.3s, border 0.3s, border-radius 0.3s, box-shadow 0.3s;margin:10px 10px 10px 10px;--e-column-margin-right:10px;--e-column-margin-left:10px;padding:25px 25px 25px 25px;}.elementor-1357 .elementor-element.elementor-element-b000da6 > .elementor-element-populated > .elementor-background-overlay{transition:background 0.3s, border-radius 0.3s, opacity 0.3s;}:root{--page-title-display:none;}@media(min-width:768px){.elementor-1357 .elementor-element.elementor-element-3bb2ada{width:45%;}.elementor-1357 .elementor-element.elementor-element-b000da6{width:55%;}}@media(max-width:1024px){.elementor-1357 .elementor-element.elementor-element-7889d3a4{padding:100px 0px 100px 0px;}.elementor-1357 .elementor-element.elementor-element-ef37f0d{text-align:center;}.elementor-1357 .elementor-element.elementor-element-ef37f0d .elementor-heading-title{font-size:var( --e-global-typography-secondary-font-size );line-height:var( --e-global-typography-secondary-line-height );}.elementor-1357 .elementor-element.elementor-element-65b980e{padding:75px 0px 175px 0px;}.elementor-1357 .elementor-element.elementor-element-3bb2ada > .elementor-element-populated{margin:0px 15px 0px 0px;--e-column-margin-right:15px;--e-column-margin-left:0px;}.elementor-1357 .elementor-element.elementor-element-e595c01 .elementor-heading-title{font-size:var( --e-global-typography-secondary-font-size );line-height:var( --e-global-typography-secondary-line-height );}.elementor-1357 .elementor-element.elementor-element-778f7016{font-size:var( --e-global-typography-text-font-size );line-height:var( --e-global-typography-text-line-height );}.elementor-1357 .elementor-element.elementor-element-4d5e3d9 .elementor-button{font-size:var( --e-global-typography-a892a9f-font-size );line-height:var( --e-global-typography-a892a9f-line-height );letter-spacing:var( --e-global-typography-a892a9f-letter-spacing );}.elementor-1357 .elementor-element.elementor-element-b000da6 > .elementor-element-populated{padding:15px 15px 15px 15px;}}@media(max-width:767px){.elementor-1357 .elementor-element.elementor-element-7889d3a4{padding:75px 0px 75px 0px;}.elementor-1357 .elementor-element.elementor-element-ef37f0d{margin:0px 0px calc(var(--kit-widget-spacing, 0px) + 0px) 0px;}.elementor-1357 .elementor-element.elementor-element-ef37f0d .elementor-heading-title{font-size:var( --e-global-typography-secondary-font-size );line-height:var( --e-global-typography-secondary-line-height );}.elementor-1357 .elementor-element.elementor-element-65b980e{padding:50px 0px 150px 0px;}.elementor-1357 .elementor-element.elementor-element-3bb2ada > .elementor-element-populated{margin:0px 0px 0px 0px;--e-column-margin-right:0px;--e-column-margin-left:0px;}.elementor-1357 .elementor-element.elementor-element-e595c01 .elementor-heading-title{font-size:var( --e-global-typography-secondary-font-size );line-height:var( --e-global-typography-secondary-line-height );}.elementor-1357 .elementor-element.elementor-element-778f7016{font-size:var( --e-global-typography-text-font-size );line-height:var( --e-global-typography-text-line-height );}.elementor-1357 .elementor-element.elementor-element-4d5e3d9 .elementor-button{font-size:var( --e-global-typography-a892a9f-font-size );line-height:var( --e-global-typography-a892a9f-line-height );letter-spacing:var( --e-global-typography-a892a9f-letter-spacing );}}@media(max-width:1024px) and (min-width:768px){.elementor-1357 .elementor-element.elementor-element-28bae5d7{width:100%;}.elementor-1357 .elementor-element.elementor-element-3bb2ada{width:50%;}.elementor-1357 .elementor-element.elementor-element-b000da6{width:50%;}}\/* Start custom CSS for shortcode, class: .elementor-element-168034ac *\/button.btn.btn-primary {\r\n    background-color: #184C3F;\r\n    border: 0px;\r\n}\r\n\r\nbutton.btn.btn-primary:hover {\r\n    background-color: #184C3F;\r\n    border: 0px;\r\n}\r\n\r\n.footable .pagination>.active>a, .footable .pagination>.active>a:focus, .footable .pagination>.active>a:hover, .footable .pagination>.active>span, .footable .pagination>.active>span:focus, .footable .pagination>.active>span:hover {\r\n    background-color: #184C3F !important;\r\n    border-color: #fff !important;\r\n    text-decoration-color: #000 !important;\r\n    color: #fff !important; }\r\n    \r\n.footable .pagination>li>a, .footable .pagination>li>span {  \r\n    color: #000 !important;\r\n\r\n}\/* End custom CSS *\/<\/style>\t\t<div data-elementor-type=\"wp-page\" data-elementor-id=\"1357\" class=\"elementor elementor-1357\" data-elementor-post-type=\"page\">\n\t\t\t\t\t\t<section class=\"elementor-section elementor-top-section elementor-element elementor-element-7889d3a4 elementor-section-content-middle elementor-section-boxed elementor-section-height-default elementor-section-height-default\" data-id=\"7889d3a4\" data-element_type=\"section\" data-settings=\"{&quot;background_background&quot;:&quot;classic&quot;}\">\n\t\t\t\t\t\t<div class=\"elementor-container elementor-column-gap-default\">\n\t\t\t\t\t<div class=\"elementor-column elementor-col-100 elementor-top-column elementor-element elementor-element-28bae5d7\" data-id=\"28bae5d7\" data-element_type=\"column\">\n\t\t\t<div class=\"elementor-widget-wrap elementor-element-populated\">\n\t\t\t\t\t\t\t<\/div>\n\t\t<\/div>\n\t\t\t\t\t<\/div>\n\t\t<\/section>\n\t\t\t\t<section class=\"elementor-section elementor-top-section elementor-element elementor-element-65b980e elementor-section-content-middle elementor-section-boxed elementor-section-height-default elementor-section-height-default\" data-id=\"65b980e\" data-element_type=\"section\" data-settings=\"{&quot;background_background&quot;:&quot;classic&quot;}\">\n\t\t\t\t\t\t<div class=\"elementor-container elementor-column-gap-default\">\n\t\t\t\t\t<div class=\"elementor-column elementor-col-50 elementor-top-column elementor-element elementor-element-3bb2ada animated-slow elementor-invisible\" data-id=\"3bb2ada\" data-element_type=\"column\" data-settings=\"{&quot;animation&quot;:&quot;fadeInLeft&quot;}\">\n\t\t\t<div class=\"elementor-widget-wrap elementor-element-populated\">\n\t\t\t\t\t\t<div class=\"elementor-element elementor-element-e595c01 elementor-widget__width-initial elementor-widget elementor-widget-heading\" data-id=\"e595c01\" data-element_type=\"widget\" data-widget_type=\"heading.default\">\n\t\t\t\t\t<h2 class=\"elementor-heading-title elementor-size-default\">Beisetzung in Deutschland - Islamische Bestattung in - Nordrhein-Westfalen<\/h2>\t\t\t\t<\/div>\n\t\t\t\t<div class=\"elementor-element elementor-element-778f7016 elementor-widget elementor-widget-text-editor\" data-id=\"778f7016\" data-element_type=\"widget\" data-widget_type=\"text-editor.default\">\n\t\t\t\t\t\t\t\t\tAuch das Bundesland Nordrhein-Westfalen bietet Muslimen zahlreiche M\u00f6glichkeiten f\u00fcr islamische Bestattungen. Auf einigen Friedh\u00f6fen ist sogar eine traditionelle islamische Bestattung ohne Sarg erlaubt \u2013 lediglich im Leinentuch (Kaffan) \u2013, was den traditionellen islamischen Bestattungsriten entspricht.\t\t\t\t\t\t\t\t<\/div>\n\t\t\t\t<div class=\"elementor-element elementor-element-4d5e3d9 elementor-align-left elementor-widget elementor-widget-button\" data-id=\"4d5e3d9\" data-element_type=\"widget\" data-widget_type=\"button.default\">\n\t\t\t\t\t\t\t\t\t\t<a class=\"elementor-button elementor-button-link elementor-size-sm\" href=\"https:\/\/islam-bestattungen.de\/en\/#kontaktiere\">\n\t\t\t\t\t\t<span class=\"elementor-button-content-wrapper\">\n\t\t\t\t\t\t\t\t\t<span class=\"elementor-button-text\">Contact us<\/span>\n\t\t\t\t\t<\/span>\n\t\t\t\t\t<\/a>\n\t\t\t\t\t\t\t\t<\/div>\n\t\t\t\t\t<\/div>\n\t\t<\/div>\n\t\t\t\t<div class=\"elementor-column elementor-col-50 elementor-top-column elementor-element elementor-element-b000da6 animated-slow elementor-invisible\" data-id=\"b000da6\" data-element_type=\"column\" data-settings=\"{&quot;background_background&quot;:&quot;classic&quot;,&quot;animation&quot;:&quot;fadeIn&quot;,&quot;animation_delay&quot;:250}\">\n\t\t\t<div class=\"elementor-widget-wrap elementor-element-populated\">\n\t\t\t\t\t\t<div class=\"elementor-element elementor-element-168034ac elementor-widget elementor-widget-shortcode\" data-id=\"168034ac\" data-element_type=\"widget\" data-widget_type=\"shortcode.default\">\n\t\t\t\t\t\t\t<div class=\"elementor-shortcode\"><div id=\"footable_parent_695\"\n         class=\"footable_parent ninja_table_wrapper loading_ninja_table wp_table_data_press_parent semantic_ui\">\n                <table data-ninja_table_instance=\"ninja_table_instance_0\" data-footable_id=\"695\" data-filter-delay=\"1000\" aria-label=\"Nordrhein-Westfalen\"            id=\"footable_695\"\n           data-unique_identifier=\"ninja_table_unique_id_1956134458_695\"\n           class=\"foo-table ninja_footable foo_table_695 ninja_table_unique_id_1956134458_695 ui table  ninja_search_right nt_type_ajax_table selectable celled striped vertical_centered  footable-paging-right ninja_table_pro\">\n                <colgroup>\n                            <col class=\"ninja_column_0\">\n                    <\/colgroup>\n            <\/table>\n    \n    \n    \n<\/div>\n<\/div>\n\t\t\t\t\t\t<\/div>\n\t\t\t\t\t<\/div>\n\t\t<\/div>\n\t\t\t\t\t<\/div>\n\t\t<\/section>\n\t\t\t\t<\/div>","protected":false},"excerpt":{"rendered":"<p>Contact us<\/p>","protected":false},"author":1,"featured_media":1025,"parent":634,"menu_order":0,"comment_status":"closed","ping_status":"closed","template":"elementor_header_footer","meta":{"footnotes":""},"class_list":["post-1357","page","type-page","status-publish","has-post-thumbnail","hentry"],"_links":{"self":[{"href":"https:\/\/islam-bestattungen.de\/en\/wp-json\/wp\/v2\/pages\/1357","targetHints":{"allow":["GET"]}}],"collection":[{"href":"https:\/\/islam-bestattungen.de\/en\/wp-json\/wp\/v2\/pages"}],"about":[{"href":"https:\/\/islam-bestattungen.de\/en\/wp-json\/wp\/v2\/types\/page"}],"author":[{"embeddable":true,"href":"https:\/\/islam-bestattungen.de\/en\/wp-json\/wp\/v2\/users\/1"}],"replies":[{"embeddable":true,"href":"https:\/\/islam-bestattungen.de\/en\/wp-json\/wp\/v2\/comments?post=1357"}],"version-history":[{"count":0,"href":"https:\/\/islam-bestattungen.de\/en\/wp-json\/wp\/v2\/pages\/1357\/revisions"}],"up":[{"embeddable":true,"href":"https:\/\/islam-bestattungen.de\/en\/wp-json\/wp\/v2\/pages\/634"}],"wp:featuredmedia":[{"embeddable":true,"href":"https:\/\/islam-bestattungen.de\/en\/wp-json\/wp\/v2\/media\/1025"}],"wp:attachment":[{"href":"https:\/\/islam-bestattungen.de\/en\/wp-json\/wp\/v2\/media?parent=1357"}],"curies":[{"name":"wp","href":"https:\/\/api.w.org\/{rel}","templated":true}]}}